{"id":1012,"date":"2020-09-27T13:35:08","date_gmt":"2020-09-27T13:35:08","guid":{"rendered":"http:\/\/sankhaihungland.vn\/?page_id=1012"},"modified":"2026-04-14T13:49:58","modified_gmt":"2026-04-14T13:49:58","slug":"gioi-thieu","status":"publish","type":"page","link":"https:\/\/1992land.com\/?page_id=1012","title":{"rendered":"Gi\u1edbi thi\u1ec7u"},"content":{"rendered":"<h2 style=\"text-align: center;\"><span style=\"color: #d5a44a;\">\u00a0Ch\u00e0o m\u1eebng qu\u00fd kh\u00e1ch \u0111\u1ebfn v\u1edbi 1992 Land<\/span><\/h2>\n<p data-start=\"281\" data-end=\"588\"><strong>Nguy\u1ec5n H\u1eefu Th\u1ecd<\/strong> l\u00e0 ng\u01b0\u1eddi s\u00e1ng l\u1eadp 1992 Land \u2013 \u0111\u01a1n v\u1ecb chuy\u00ean ph\u00e2n ph\u1ed1i v\u00e0 t\u01b0 v\u1ea5n b\u1ea5t \u0111\u1ed9ng s\u1ea3n t\u1ea1i c\u00e1c th\u1ecb tr\u01b0\u1eddng tr\u1ecdng \u0111i\u1ec3m ph\u00eda Nam. V\u1edbi \u0111\u1ecbnh h\u01b0\u1edbng r\u00f5 r\u00e0ng ngay t\u1eeb \u0111\u1ea7u, anh t\u1eadp trung x\u00e2y d\u1ef1ng m\u1ed9t \u0111\u1ed9i ng\u0169 kh\u00f4ng ch\u1ec9 b\u00e1n h\u00e0ng, m\u00e0 c\u00f2n hi\u1ec3u s\u00e2u th\u1ecb tr\u01b0\u1eddng v\u00e0 \u0111\u1ed3ng h\u00e0nh c\u00f9ng kh\u00e1ch h\u00e0ng trong su\u1ed1t qu\u00e1 tr\u00ecnh \u0111\u1ea7u t\u01b0.<\/p>\n<p data-start=\"590\" data-end=\"803\">Xu\u1ea5t ph\u00e1t t\u1eeb kinh nghi\u1ec7m th\u1ef1c chi\u1ebfn, anh t\u1eebng b\u01b0\u1edbc ph\u00e1t tri\u1ec3n h\u1ec7 th\u1ed1ng ph\u00e2n ph\u1ed1i t\u1ea1i nhi\u1ec1u khu v\u1ef1c nh\u01b0 V\u0169ng T\u00e0u, TP.HCM, Long An v\u00e0 \u0111\u1eb7c bi\u1ec7t l\u00e0 B\u00ecnh D\u01b0\u01a1ng \u2013 th\u1ecb tr\u01b0\u1eddng chi\u1ebfn l\u01b0\u1ee3c v\u1edbi ti\u1ec1m n\u0103ng t\u0103ng tr\u01b0\u1edfng m\u1ea1nh m\u1ebd.<\/p>\n\t<div class=\"img has-hover x md-x lg-x y md-y lg-y\" id=\"image_1525746904\">\n\t\t\t\t\t\t\t\t<div class=\"img-inner dark\" >\n\t\t\t<img loading=\"lazy\" decoding=\"async\" width=\"2048\" height=\"1365\" src=\"https:\/\/1992land.com\/wp-content\/uploads\/2026\/04\/Team-Binh-Duong-1992Land.jpg\" class=\"attachment-original size-original\" alt=\"\" srcset=\"https:\/\/1992land.com\/wp-content\/uploads\/2026\/04\/Team-Binh-Duong-1992Land.jpg 2048w, https:\/\/1992land.com\/wp-content\/uploads\/2026\/04\/Team-Binh-Duong-1992Land-300x200.jpg 300w, https:\/\/1992land.com\/wp-content\/uploads\/2026\/04\/Team-Binh-Duong-1992Land-1024x683.jpg 1024w, https:\/\/1992land.com\/wp-content\/uploads\/2026\/04\/Team-Binh-Duong-1992Land-768x512.jpg 768w, https:\/\/1992land.com\/wp-content\/uploads\/2026\/04\/Team-Binh-Duong-1992Land-1536x1024.jpg 1536w, https:\/\/1992land.com\/wp-content\/uploads\/2026\/04\/Team-Binh-Duong-1992Land-500x333.jpg 500w, https:\/\/1992land.com\/wp-content\/uploads\/2026\/04\/Team-Binh-Duong-1992Land-885x590.jpg 885w\" sizes=\"auto, (max-width: 2048px) 100vw, 2048px\" \/>\t\t\t\t\t\t\n\t\t\t\t\t<\/div>\n\t\t\t\t\t\t\t\t\n<style>\n#image_1525746904 {\n  width: 100%;\n}\n<\/style>\n\t<\/div>\n\t\n<h2>\u00a0<\/h2>\n<h2 class=\"uppercase\"><span style=\"color: #d5a44a;\"><strong>N\u0102NG L\u1ef0C &amp; CHUY\u00caN M\u00d4N<\/strong><\/span><\/h2>\n<p data-start=\"837\" data-end=\"913\">Trong qu\u00e1 tr\u00ecnh ho\u1ea1t \u0111\u1ed9ng, Nguy\u1ec5n H\u1eefu Th\u1ecd t\u1eadp trung v\u00e0o c\u00e1c gi\u00e1 tr\u1ecb c\u1ed1t l\u00f5i:<\/p>\n<ul data-start=\"915\" data-end=\"1158\">\n<li data-section-id=\"1ne2l5j\" data-start=\"915\" data-end=\"974\">Am hi\u1ec3u chu k\u1ef3 ph\u00e1t tri\u1ec3n c\u1ee7a t\u1eebng khu v\u1ef1c b\u1ea5t \u0111\u1ed9ng s\u1ea3n<\/li>\n<li data-section-id=\"ifdzwi\" data-start=\"975\" data-end=\"1037\">Ph\u00e2n t\u00edch d\u00f2ng ti\u1ec1n v\u00e0 xu h\u01b0\u1edbng \u0111\u1ea7u t\u01b0 theo t\u1eebng giai \u0111o\u1ea1n<\/li>\n<li data-section-id=\"1og6qv5\" data-start=\"1038\" data-end=\"1099\">T\u01b0 v\u1ea5n chi\u1ebfn l\u01b0\u1ee3c \u0111\u1ea7u t\u01b0 ph\u00f9 h\u1ee3p cho t\u1eebng nh\u00f3m kh\u00e1ch h\u00e0ng<\/li>\n<li data-section-id=\"1g7pysm\" data-start=\"1100\" data-end=\"1158\">X\u00e2y d\u1ef1ng h\u1ec7 th\u1ed1ng b\u00e1n h\u00e0ng hi\u1ec7u qu\u1ea3, t\u1ed1i \u01b0u chuy\u1ec3n \u0111\u1ed5i<\/li>\n<\/ul>\n<p data-start=\"1160\" data-end=\"1294\">Anh c\u00f3 kinh nghi\u1ec7m tri\u1ec3n khai nhi\u1ec1u ph\u00e2n kh\u00fac: \u0111\u1ea5t n\u1ec1n, c\u0103n h\u1ed9, khu \u0111\u00f4 th\u1ecb v\u00e0 b\u1ea5t \u0111\u1ed9ng s\u1ea3n ph\u1ee5c v\u1ee5 chuy\u00ean gia t\u1ea1i c\u00e1c khu c\u00f4ng nghi\u1ec7p.<\/p>\n<h2 class=\"uppercase\"><span style=\"color: #d5a44a;\"><strong>VAI TR\u00d2 HI\u1ec6N T\u1ea0I<\/strong><\/span><\/h2>\n<p data-start=\"1323\" data-end=\"1489\">Hi\u1ec7n t\u1ea1i, anh Nguy\u1ec5n H\u1eefu Th\u1ecd \u0111ang gi\u1eef vai tr\u00f2 <strong data-start=\"1369\" data-end=\"1411\">Gi\u00e1m \u0111\u1ed1c d\u1ef1 \u00e1n B\u00ecnh D\u01b0\u01a1ng t\u1ea1i TPI Land<\/strong>, tr\u1ef1c ti\u1ebfp tham gia ph\u00e1t tri\u1ec3n v\u00e0 ph\u00e2n ph\u1ed1i c\u00e1c d\u1ef1 \u00e1n tr\u1ecdng \u0111i\u1ec3m t\u1ea1i khu v\u1ef1c.<\/p>\n<p data-start=\"1491\" data-end=\"1578\">B\u00ecnh D\u01b0\u01a1ng \u0111\u01b0\u1ee3c anh x\u00e1c \u0111\u1ecbnh l\u00e0 th\u1ecb tr\u01b0\u1eddng trung t\u00e2m trong chi\u1ebfn l\u01b0\u1ee3c d\u00e0i h\u1ea1n, nh\u1edd v\u00e0o:<\/p>\n<ul data-start=\"1579\" data-end=\"1691\">\n<li data-section-id=\"1cptf4c\" data-start=\"1579\" data-end=\"1629\">T\u1ed1c \u0111\u1ed9 ph\u00e1t tri\u1ec3n c\u00f4ng nghi\u1ec7p h\u00e0ng \u0111\u1ea7u c\u1ea3 n\u01b0\u1edbc<\/li>\n<li data-section-id=\"gmqb8v\" data-start=\"1630\" data-end=\"1654\">D\u00f2ng v\u1ed1n FDI m\u1ea1nh m\u1ebd<\/li>\n<li data-section-id=\"1g21o31\" data-start=\"1655\" data-end=\"1691\">Nhu c\u1ea7u \u1edf th\u1ef1c v\u00e0 \u0111\u1ea7u t\u01b0 \u1ed5n \u0111\u1ecbnh<\/li>\n<\/ul>\n<h2 class=\"uppercase\"><span style=\"color: #d5a44a;\"><strong>\u0110\u1ecaNH H\u01af\u1edaNG PH\u00c1T TRI\u1ec2N<\/strong><\/span><\/h2>\n<p data-start=\"1725\" data-end=\"1804\">Trong th\u1eddi gian t\u1edbi, Nguy\u1ec5n H\u1eefu Th\u1ecd \u0111\u1ecbnh h\u01b0\u1edbng ph\u00e1t tri\u1ec3n 1992 Land theo h\u01b0\u1edbng:<\/p>\n<ul data-start=\"1806\" data-end=\"2101\">\n<li data-section-id=\"3xe146\" data-start=\"1806\" data-end=\"1873\">Tr\u1edf th\u00e0nh \u0111\u01a1n v\u1ecb ph\u00e2n ph\u1ed1i chuy\u00ean s\u00e2u t\u1ea1i th\u1ecb tr\u01b0\u1eddng B\u00ecnh D\u01b0\u01a1ng<\/li>\n<li data-section-id=\"1nw5lgu\" data-start=\"1874\" data-end=\"1952\">X\u00e2y d\u1ef1ng h\u1ec7 sinh th\u00e1i h\u1ed7 tr\u1ee3 nh\u00e0 \u0111\u1ea7u t\u01b0 t\u1eeb mua \u2013 khai th\u00e1c \u2013 chuy\u1ec3n nh\u01b0\u1ee3ng<\/li>\n<li data-section-id=\"d3io3c\" data-start=\"1953\" data-end=\"2027\">\u1ee8ng d\u1ee5ng c\u00f4ng ngh\u1ec7 v\u00e0 marketing hi\u1ec7n \u0111\u1ea1i \u0111\u1ec3 n\u00e2ng cao hi\u1ec7u qu\u1ea3 b\u00e1n h\u00e0ng<\/li>\n<li data-section-id=\"1be7suu\" data-start=\"2028\" data-end=\"2101\">Ph\u00e1t tri\u1ec3n th\u01b0\u01a1ng hi\u1ec7u c\u00e1 nh\u00e2n g\u1eafn li\u1ec1n v\u1edbi gi\u00e1 tr\u1ecb t\u01b0 v\u1ea5n th\u1ef1c chi\u1ebfn<\/li>\n<\/ul>\n<p data-start=\"2131\" data-end=\"2154\">Anh theo \u0111u\u1ed5i tri\u1ebft l\u00fd:<\/p>\n<blockquote data-start=\"2156\" data-end=\"2272\">\n<p data-start=\"2158\" data-end=\"2272\"><em>B\u1ea5t \u0111\u1ed9ng s\u1ea3n kh\u00f4ng ch\u1ec9 l\u00e0 giao d\u1ecbch, m\u00e0 l\u00e0 m\u1ed9t chi\u1ebfn l\u01b0\u1ee3c \u0111\u1ea7u t\u01b0 d\u00e0i h\u1ea1n c\u1ea7n s\u1ef1 hi\u1ec3u bi\u1ebft v\u00e0 \u0111\u1ed3ng h\u00e0nh \u0111\u00fang ng\u01b0\u1eddi.<\/em><\/p>\n<\/blockquote>\n\t<div id=\"gap-819721380\" class=\"gap-element clearfix\" style=\"display:block; height:auto;\">\n\t\t\n<style>\n#gap-819721380 {\n  padding-top: 30px;\n}\n<\/style>\n\t<\/div>\n\t\n\t<section class=\"section dark has-mask mask-arrow\" id=\"section_1033432297\">\n\t\t<div class=\"bg section-bg fill bg-fill  bg-loaded\" >\n\n\t\t\t\n\t\t\t<div class=\"section-bg-overlay absolute fill\"><\/div>\n\t\t\t\n\t<div class=\"is-border\"\n\t\tstyle=\"border-color:rgb(235, 235, 235);border-width:1px 0px 0px 0px;\">\n\t<\/div>\n\n\t\t<\/div>\n\n\t\t<div class=\"section-content relative\">\n\t\t\t\n<div class=\"row\"  id=\"row-2139668623\">\n\n\t<div id=\"col-187050096\" class=\"col medium-4 small-12 large-4\"  >\n\t\t<div class=\"col-inner text-shadow-2\"  >\n\t\t\t\n\t\t\t\n\t<div class=\"img has-hover x md-x lg-x y md-y lg-y\" id=\"image_1896838688\">\n\t\t\t\t\t\t\t\t<div class=\"img-inner image-zoom dark\" >\n\t\t\t<img loading=\"lazy\" decoding=\"async\" width=\"2048\" height=\"1368\" src=\"https:\/\/1992land.com\/wp-content\/uploads\/2026\/04\/NGUYEN-HUU-THO-TEAM-1.jpg\" class=\"attachment-original size-original\" alt=\"\" srcset=\"https:\/\/1992land.com\/wp-content\/uploads\/2026\/04\/NGUYEN-HUU-THO-TEAM-1.jpg 2048w, https:\/\/1992land.com\/wp-content\/uploads\/2026\/04\/NGUYEN-HUU-THO-TEAM-1-300x200.jpg 300w, https:\/\/1992land.com\/wp-content\/uploads\/2026\/04\/NGUYEN-HUU-THO-TEAM-1-1024x684.jpg 1024w, https:\/\/1992land.com\/wp-content\/uploads\/2026\/04\/NGUYEN-HUU-THO-TEAM-1-768x513.jpg 768w, https:\/\/1992land.com\/wp-content\/uploads\/2026\/04\/NGUYEN-HUU-THO-TEAM-1-1536x1026.jpg 1536w, https:\/\/1992land.com\/wp-content\/uploads\/2026\/04\/NGUYEN-HUU-THO-TEAM-1-500x334.jpg 500w, https:\/\/1992land.com\/wp-content\/uploads\/2026\/04\/NGUYEN-HUU-THO-TEAM-1-885x591.jpg 885w\" sizes=\"auto, (max-width: 2048px) 100vw, 2048px\" \/>\t\t\t\t\t\t\n\t\t\t\t\t<\/div>\n\t\t\t\t\t\t\t\t\n<style>\n#image_1896838688 {\n  width: 100%;\n}\n<\/style>\n\t<\/div>\n\t\n\t\t<\/div>\n\t\t\t<\/div>\n\n\t\n\n\t<div id=\"col-956589985\" class=\"col medium-4 small-12 large-4\"  >\n\t\t<div class=\"col-inner text-shadow-2\"  >\n\t\t\t\n\t\t\t\n\t<div class=\"img has-hover x md-x lg-x y md-y lg-y\" id=\"image_1595881011\">\n\t\t\t\t\t\t\t\t<div class=\"img-inner image-zoom dark\" >\n\t\t\t<img loading=\"lazy\" decoding=\"async\" width=\"2048\" height=\"1365\" src=\"https:\/\/1992land.com\/wp-content\/uploads\/2026\/04\/Team-Binh-Duong-1992Land.jpg\" class=\"attachment-original size-original\" alt=\"\" srcset=\"https:\/\/1992land.com\/wp-content\/uploads\/2026\/04\/Team-Binh-Duong-1992Land.jpg 2048w, https:\/\/1992land.com\/wp-content\/uploads\/2026\/04\/Team-Binh-Duong-1992Land-300x200.jpg 300w, https:\/\/1992land.com\/wp-content\/uploads\/2026\/04\/Team-Binh-Duong-1992Land-1024x683.jpg 1024w, https:\/\/1992land.com\/wp-content\/uploads\/2026\/04\/Team-Binh-Duong-1992Land-768x512.jpg 768w, https:\/\/1992land.com\/wp-content\/uploads\/2026\/04\/Team-Binh-Duong-1992Land-1536x1024.jpg 1536w, https:\/\/1992land.com\/wp-content\/uploads\/2026\/04\/Team-Binh-Duong-1992Land-500x333.jpg 500w, https:\/\/1992land.com\/wp-content\/uploads\/2026\/04\/Team-Binh-Duong-1992Land-885x590.jpg 885w\" sizes=\"auto, (max-width: 2048px) 100vw, 2048px\" \/>\t\t\t\t\t\t\n\t\t\t\t\t<\/div>\n\t\t\t\t\t\t\t\t\n<style>\n#image_1595881011 {\n  width: 100%;\n}\n<\/style>\n\t<\/div>\n\t\n\t\t<\/div>\n\t\t\t<\/div>\n\n\t\n\n\t<div id=\"col-1258630637\" class=\"col medium-4 small-12 large-4\"  >\n\t\t<div class=\"col-inner text-shadow-2\"  >\n\t\t\t\n\t\t\t\n\t<div class=\"img has-hover x md-x lg-x y md-y lg-y\" id=\"image_944720138\">\n\t\t\t\t\t\t\t\t<div class=\"img-inner image-zoom dark\" >\n\t\t\t<img loading=\"lazy\" decoding=\"async\" width=\"2048\" height=\"1365\" src=\"https:\/\/1992land.com\/wp-content\/uploads\/2026\/04\/NGUYEN-HUU-THO-TEAM-2.jpg\" class=\"attachment-original size-original\" alt=\"\" srcset=\"https:\/\/1992land.com\/wp-content\/uploads\/2026\/04\/NGUYEN-HUU-THO-TEAM-2.jpg 2048w, https:\/\/1992land.com\/wp-content\/uploads\/2026\/04\/NGUYEN-HUU-THO-TEAM-2-300x200.jpg 300w, https:\/\/1992land.com\/wp-content\/uploads\/2026\/04\/NGUYEN-HUU-THO-TEAM-2-1024x683.jpg 1024w, https:\/\/1992land.com\/wp-content\/uploads\/2026\/04\/NGUYEN-HUU-THO-TEAM-2-768x512.jpg 768w, https:\/\/1992land.com\/wp-content\/uploads\/2026\/04\/NGUYEN-HUU-THO-TEAM-2-1536x1024.jpg 1536w, https:\/\/1992land.com\/wp-content\/uploads\/2026\/04\/NGUYEN-HUU-THO-TEAM-2-500x333.jpg 500w, https:\/\/1992land.com\/wp-content\/uploads\/2026\/04\/NGUYEN-HUU-THO-TEAM-2-885x590.jpg 885w\" sizes=\"auto, (max-width: 2048px) 100vw, 2048px\" \/>\t\t\t\t\t\t\n\t\t\t\t\t<\/div>\n\t\t\t\t\t\t\t\t\n<style>\n#image_944720138 {\n  width: 100%;\n}\n<\/style>\n\t<\/div>\n\t\n\t\t<\/div>\n\t\t\t<\/div>\n\n\t\n<\/div>\n\t\t<\/div>\n\n\t\t\n<style>\n#section_1033432297 {\n  padding-top: 59px;\n  padding-bottom: 59px;\n  min-height: 300px;\n  background-color: rgb(16, 33, 51);\n}\n#section_1033432297 .section-bg-overlay {\n  background-color: rgba(0, 0, 0, 0.4);\n}\n<\/style>\n\t<\/section>\n\t\n","protected":false},"excerpt":{"rendered":"<p>\u00a0Ch\u00e0o m\u1eebng qu\u00fd kh\u00e1ch \u0111\u1ebfn v\u1edbi 1992 Land Nguy\u1ec5n H\u1eefu Th\u1ecd l\u00e0 ng\u01b0\u1eddi s\u00e1ng l\u1eadp 1992 Land \u2013 \u0111\u01a1n v\u1ecb chuy\u00ean ph\u00e2n ph\u1ed1i v\u00e0 t\u01b0 v\u1ea5n b\u1ea5t \u0111\u1ed9ng s\u1ea3n t\u1ea1i c\u00e1c th\u1ecb tr\u01b0\u1eddng tr\u1ecdng \u0111i\u1ec3m ph\u00eda Nam. V\u1edbi \u0111\u1ecbnh h\u01b0\u1edbng r\u00f5 r\u00e0ng ngay t\u1eeb \u0111\u1ea7u, anh t\u1eadp trung x\u00e2y d\u1ef1ng m\u1ed9t \u0111\u1ed9i ng\u0169 kh\u00f4ng ch\u1ec9&#8230;<\/p>\n","protected":false},"author":2,"featured_media":1415,"parent":0,"menu_order":0,"comment_status":"closed","ping_status":"closed","template":"","meta":{"footnotes":""},"class_list":["post-1012","page","type-page","status-publish","has-post-thumbnail","hentry"],"yoast_head":"<!-- This site is optimized with the Yoast SEO plugin v23.5 - https:\/\/yoast.com\/wordpress\/plugins\/seo\/ -->\n<title>\u0110\u00f4i n\u00e9t Gi\u1edbi thi\u1ec7u v\u1ec1 Kh\u1ea3i H\u01b0ng Corp | S\u00e0n Kh\u1ea3i H\u01b0ng Land<\/title>\n<meta name=\"description\" content=\"S\u00e0n Kh\u1ea3i H\u01b0ng Land thu\u1ed9c T\u1eadp \u0111o\u00e0n B\u1ea5t \u0110\u1ed9ng S\u1ea3n Kh\u1ea3i H\u01b0ng Land quan ni\u1ec7m s\u1ef1 ph\u00e1t tri\u1ec3n b\u1ec1n v\u1eefng c\u1ee7a doanh nghi\u1ec7p ph\u1ea3i d\u1ef1a tr\u00ean l\u1ee3i \u00edch...\" \/>\n<meta name=\"robots\" content=\"index, follow, max-snippet:-1, max-image-preview:large, max-video-preview:-1\" \/>\n<link rel=\"canonical\" href=\"https:\/\/1992land.com\/?page_id=1012\" \/>\n<meta property=\"og:locale\" content=\"vi_VN\" \/>\n<meta property=\"og:type\" content=\"article\" \/>\n<meta property=\"og:title\" content=\"\u0110\u00f4i n\u00e9t Gi\u1edbi thi\u1ec7u v\u1ec1 Kh\u1ea3i H\u01b0ng Corp | S\u00e0n Kh\u1ea3i H\u01b0ng Land\" \/>\n<meta property=\"og:description\" content=\"S\u00e0n Kh\u1ea3i H\u01b0ng Land thu\u1ed9c T\u1eadp \u0111o\u00e0n B\u1ea5t \u0110\u1ed9ng S\u1ea3n Kh\u1ea3i H\u01b0ng Land quan ni\u1ec7m s\u1ef1 ph\u00e1t tri\u1ec3n b\u1ec1n v\u1eefng c\u1ee7a doanh nghi\u1ec7p ph\u1ea3i d\u1ef1a tr\u00ean l\u1ee3i \u00edch...\" \/>\n<meta property=\"og:url\" content=\"https:\/\/1992land.com\/?page_id=1012\" \/>\n<meta property=\"og:site_name\" content=\"1992 Land - Nguy\u1ec5n H\u1eefu Th\u1ecd\" \/>\n<meta property=\"article:modified_time\" content=\"2026-04-14T13:49:58+00:00\" \/>\n<meta property=\"og:image\" content=\"https:\/\/1992land.com\/wp-content\/uploads\/2023\/11\/tuyen-dung-san-khai-hung-land-1.jpg\" \/>\n\t<meta property=\"og:image:width\" content=\"1000\" \/>\n\t<meta property=\"og:image:height\" content=\"573\" \/>\n\t<meta property=\"og:image:type\" content=\"image\/jpeg\" \/>\n<meta name=\"twitter:card\" content=\"summary_large_image\" \/>\n<meta name=\"twitter:label1\" content=\"\u01af\u1edbc t\u00ednh th\u1eddi gian \u0111\u1ecdc\" \/>\n\t<meta name=\"twitter:data1\" content=\"4 ph\u00fat\" \/>\n<script type=\"application\/ld+json\" class=\"yoast-schema-graph\">{\"@context\":\"https:\/\/schema.org\",\"@graph\":[{\"@type\":\"WebPage\",\"@id\":\"https:\/\/1992land.com\/?page_id=1012\",\"url\":\"https:\/\/1992land.com\/?page_id=1012\",\"name\":\"\u0110\u00f4i n\u00e9t Gi\u1edbi thi\u1ec7u v\u1ec1 Kh\u1ea3i H\u01b0ng Corp | S\u00e0n Kh\u1ea3i H\u01b0ng Land\",\"isPartOf\":{\"@id\":\"https:\/\/1992land.com\/#website\"},\"primaryImageOfPage\":{\"@id\":\"https:\/\/1992land.com\/?page_id=1012#primaryimage\"},\"image\":{\"@id\":\"https:\/\/1992land.com\/?page_id=1012#primaryimage\"},\"thumbnailUrl\":\"https:\/\/1992land.com\/wp-content\/uploads\/2023\/11\/tuyen-dung-san-khai-hung-land-1.jpg\",\"datePublished\":\"2020-09-27T13:35:08+00:00\",\"dateModified\":\"2026-04-14T13:49:58+00:00\",\"description\":\"S\u00e0n Kh\u1ea3i H\u01b0ng Land thu\u1ed9c T\u1eadp \u0111o\u00e0n B\u1ea5t \u0110\u1ed9ng S\u1ea3n Kh\u1ea3i H\u01b0ng Land quan ni\u1ec7m s\u1ef1 ph\u00e1t tri\u1ec3n b\u1ec1n v\u1eefng c\u1ee7a doanh nghi\u1ec7p ph\u1ea3i d\u1ef1a tr\u00ean l\u1ee3i \u00edch...\",\"breadcrumb\":{\"@id\":\"https:\/\/1992land.com\/?page_id=1012#breadcrumb\"},\"inLanguage\":\"vi\",\"potentialAction\":[{\"@type\":\"ReadAction\",\"target\":[\"https:\/\/1992land.com\/?page_id=1012\"]}]},{\"@type\":\"ImageObject\",\"inLanguage\":\"vi\",\"@id\":\"https:\/\/1992land.com\/?page_id=1012#primaryimage\",\"url\":\"https:\/\/1992land.com\/wp-content\/uploads\/2023\/11\/tuyen-dung-san-khai-hung-land-1.jpg\",\"contentUrl\":\"https:\/\/1992land.com\/wp-content\/uploads\/2023\/11\/tuyen-dung-san-khai-hung-land-1.jpg\",\"width\":1000,\"height\":573},{\"@type\":\"BreadcrumbList\",\"@id\":\"https:\/\/1992land.com\/?page_id=1012#breadcrumb\",\"itemListElement\":[{\"@type\":\"ListItem\",\"position\":1,\"name\":\"Trang ch\u1ee7\",\"item\":\"https:\/\/1992land.com\/\"},{\"@type\":\"ListItem\",\"position\":2,\"name\":\"Gi\u1edbi thi\u1ec7u\"}]},{\"@type\":\"WebSite\",\"@id\":\"https:\/\/1992land.com\/#website\",\"url\":\"https:\/\/1992land.com\/\",\"name\":\"1992 Land - Nguy\u1ec5n H\u1eefu Th\u1ecd\",\"description\":\"Kh\u00f4ng ch\u1ec9 l\u00e0 B\u1ea5t \u0111\u1ed9ng s\u1ea3n\",\"potentialAction\":[{\"@type\":\"SearchAction\",\"target\":{\"@type\":\"EntryPoint\",\"urlTemplate\":\"https:\/\/1992land.com\/?s={search_term_string}\"},\"query-input\":{\"@type\":\"PropertyValueSpecification\",\"valueRequired\":true,\"valueName\":\"search_term_string\"}}],\"inLanguage\":\"vi\"}]}<\/script>\n<!-- \/ Yoast SEO plugin. -->","yoast_head_json":{"title":"\u0110\u00f4i n\u00e9t Gi\u1edbi thi\u1ec7u v\u1ec1 Kh\u1ea3i H\u01b0ng Corp | S\u00e0n Kh\u1ea3i H\u01b0ng Land","description":"S\u00e0n Kh\u1ea3i H\u01b0ng Land thu\u1ed9c T\u1eadp \u0111o\u00e0n B\u1ea5t \u0110\u1ed9ng S\u1ea3n Kh\u1ea3i H\u01b0ng Land quan ni\u1ec7m s\u1ef1 ph\u00e1t tri\u1ec3n b\u1ec1n v\u1eefng c\u1ee7a doanh nghi\u1ec7p ph\u1ea3i d\u1ef1a tr\u00ean l\u1ee3i \u00edch...","robots":{"index":"index","follow":"follow","max-snippet":"max-snippet:-1","max-image-preview":"max-image-preview:large","max-video-preview":"max-video-preview:-1"},"canonical":"https:\/\/1992land.com\/?page_id=1012","og_locale":"vi_VN","og_type":"article","og_title":"\u0110\u00f4i n\u00e9t Gi\u1edbi thi\u1ec7u v\u1ec1 Kh\u1ea3i H\u01b0ng Corp | S\u00e0n Kh\u1ea3i H\u01b0ng Land","og_description":"S\u00e0n Kh\u1ea3i H\u01b0ng Land thu\u1ed9c T\u1eadp \u0111o\u00e0n B\u1ea5t \u0110\u1ed9ng S\u1ea3n Kh\u1ea3i H\u01b0ng Land quan ni\u1ec7m s\u1ef1 ph\u00e1t tri\u1ec3n b\u1ec1n v\u1eefng c\u1ee7a doanh nghi\u1ec7p ph\u1ea3i d\u1ef1a tr\u00ean l\u1ee3i \u00edch...","og_url":"https:\/\/1992land.com\/?page_id=1012","og_site_name":"1992 Land - Nguy\u1ec5n H\u1eefu Th\u1ecd","article_modified_time":"2026-04-14T13:49:58+00:00","og_image":[{"width":1000,"height":573,"url":"https:\/\/1992land.com\/wp-content\/uploads\/2023\/11\/tuyen-dung-san-khai-hung-land-1.jpg","type":"image\/jpeg"}],"twitter_card":"summary_large_image","twitter_misc":{"\u01af\u1edbc t\u00ednh th\u1eddi gian \u0111\u1ecdc":"4 ph\u00fat"},"schema":{"@context":"https:\/\/schema.org","@graph":[{"@type":"WebPage","@id":"https:\/\/1992land.com\/?page_id=1012","url":"https:\/\/1992land.com\/?page_id=1012","name":"\u0110\u00f4i n\u00e9t Gi\u1edbi thi\u1ec7u v\u1ec1 Kh\u1ea3i H\u01b0ng Corp | S\u00e0n Kh\u1ea3i H\u01b0ng Land","isPartOf":{"@id":"https:\/\/1992land.com\/#website"},"primaryImageOfPage":{"@id":"https:\/\/1992land.com\/?page_id=1012#primaryimage"},"image":{"@id":"https:\/\/1992land.com\/?page_id=1012#primaryimage"},"thumbnailUrl":"https:\/\/1992land.com\/wp-content\/uploads\/2023\/11\/tuyen-dung-san-khai-hung-land-1.jpg","datePublished":"2020-09-27T13:35:08+00:00","dateModified":"2026-04-14T13:49:58+00:00","description":"S\u00e0n Kh\u1ea3i H\u01b0ng Land thu\u1ed9c T\u1eadp \u0111o\u00e0n B\u1ea5t \u0110\u1ed9ng S\u1ea3n Kh\u1ea3i H\u01b0ng Land quan ni\u1ec7m s\u1ef1 ph\u00e1t tri\u1ec3n b\u1ec1n v\u1eefng c\u1ee7a doanh nghi\u1ec7p ph\u1ea3i d\u1ef1a tr\u00ean l\u1ee3i \u00edch...","breadcrumb":{"@id":"https:\/\/1992land.com\/?page_id=1012#breadcrumb"},"inLanguage":"vi","potentialAction":[{"@type":"ReadAction","target":["https:\/\/1992land.com\/?page_id=1012"]}]},{"@type":"ImageObject","inLanguage":"vi","@id":"https:\/\/1992land.com\/?page_id=1012#primaryimage","url":"https:\/\/1992land.com\/wp-content\/uploads\/2023\/11\/tuyen-dung-san-khai-hung-land-1.jpg","contentUrl":"https:\/\/1992land.com\/wp-content\/uploads\/2023\/11\/tuyen-dung-san-khai-hung-land-1.jpg","width":1000,"height":573},{"@type":"BreadcrumbList","@id":"https:\/\/1992land.com\/?page_id=1012#breadcrumb","itemListElement":[{"@type":"ListItem","position":1,"name":"Trang ch\u1ee7","item":"https:\/\/1992land.com\/"},{"@type":"ListItem","position":2,"name":"Gi\u1edbi thi\u1ec7u"}]},{"@type":"WebSite","@id":"https:\/\/1992land.com\/#website","url":"https:\/\/1992land.com\/","name":"1992 Land - Nguy\u1ec5n H\u1eefu Th\u1ecd","description":"Kh\u00f4ng ch\u1ec9 l\u00e0 B\u1ea5t \u0111\u1ed9ng s\u1ea3n","potentialAction":[{"@type":"SearchAction","target":{"@type":"EntryPoint","urlTemplate":"https:\/\/1992land.com\/?s={search_term_string}"},"query-input":{"@type":"PropertyValueSpecification","valueRequired":true,"valueName":"search_term_string"}}],"inLanguage":"vi"}]}},"_links":{"self":[{"href":"https:\/\/1992land.com\/index.php?rest_route=\/wp\/v2\/pages\/1012","targetHints":{"allow":["GET"]}}],"collection":[{"href":"https:\/\/1992land.com\/index.php?rest_route=\/wp\/v2\/pages"}],"about":[{"href":"https:\/\/1992land.com\/index.php?rest_route=\/wp\/v2\/types\/page"}],"author":[{"embeddable":true,"href":"https:\/\/1992land.com\/index.php?rest_route=\/wp\/v2\/users\/2"}],"replies":[{"embeddable":true,"href":"https:\/\/1992land.com\/index.php?rest_route=%2Fwp%2Fv2%2Fcomments&post=1012"}],"version-history":[{"count":9,"href":"https:\/\/1992land.com\/index.php?rest_route=\/wp\/v2\/pages\/1012\/revisions"}],"predecessor-version":[{"id":3254,"href":"https:\/\/1992land.com\/index.php?rest_route=\/wp\/v2\/pages\/1012\/revisions\/3254"}],"wp:featuredmedia":[{"embeddable":true,"href":"https:\/\/1992land.com\/index.php?rest_route=\/wp\/v2\/media\/1415"}],"wp:attachment":[{"href":"https:\/\/1992land.com\/index.php?rest_route=%2Fwp%2Fv2%2Fmedia&parent=1012"}],"curies":[{"name":"wp","href":"https:\/\/api.w.org\/{rel}","templated":true}]}}