{"id":1014,"date":"2020-09-27T13:35:21","date_gmt":"2020-09-27T13:35:21","guid":{"rendered":"http:\/\/sankhaihungland.vn\/?page_id=1014"},"modified":"2026-04-01T05:06:17","modified_gmt":"2026-04-01T05:06:17","slug":"lien-he","status":"publish","type":"page","link":"https:\/\/1992land.com\/?page_id=1014","title":{"rendered":"Li\u00ean h\u1ec7"},"content":{"rendered":"<h2 style=\"text-align: center;\">\u00a0<\/h2>\n<h2 style=\"text-align: center;\"><span style=\"color: #d5a44a;\">TH\u00d4NG TIN LI\u00caN H\u1ec6<\/span><\/h2>\n<div class=\"row\"  id=\"row-1745659822\">\n\n\t<div id=\"col-899841190\" class=\"col medium-6 small-12 large-6\"  >\n\t\t<div class=\"col-inner\"  >\n\t\t\t\n\t\t\t\n<p>17 Tr\u1ea7n Qu\u00fd Ki\u00ean, B\u00ecnh Tr\u01b0ng T\u00e2y, TP. Th\u1ee7 \u0110\u1ee9c<\/p>\n<p>Hotline: <a href=\"tel:+8490909474123\">(+84) 909474123<\/a><\/p>\n<p><i class=\"fa fa-envelope-o\" aria-hidden=\"true\"><\/i> Email:\u00a0nguyenhuutho911@gmail.com<\/p>\n<p><i class=\"fa fa-facebook\" aria-hidden=\"true\"><\/i> Facebook : fb.com\/nguyenhuutho911\/<\/p>\n<h5 class=\"uppercase\">M\u1ecdi chi ti\u1ebft c\u1ea7n gi\u1ea3i \u0111\u00e1p<\/h5>\n<p>Qu\u00fd kh\u00e1ch vui l\u00f2ng \u0111i\u1ec1n th\u00f4ng tin d\u1ef1a tr\u00ean b\u1ea3ng ph\u00eda d\u01b0\u1edbi, \u0111\u1ec3 \u0111\u01b0\u1ee3c nh\u00e2n vi\u00ean g\u1ecdi l\u1ea1i s\u1edbm nh\u1ea5t. Xin c\u1ea3m \u01a1n.<\/p>\n\n<div class=\"wpcf7 no-js\" id=\"wpcf7-f1156-o1\" lang=\"vi\" dir=\"ltr\">\n<div class=\"screen-reader-response\"><p role=\"status\" aria-live=\"polite\" aria-atomic=\"true\"><\/p> <ul><\/ul><\/div>\n<form action=\"\/index.php?rest_route=%2Fwp%2Fv2%2Fpages%2F1014#wpcf7-f1156-o1\" method=\"post\" class=\"wpcf7-form init\" aria-label=\"Form li\u00ean h\u1ec7\" novalidate=\"novalidate\" data-status=\"init\">\n<div style=\"display: none;\">\n<input type=\"hidden\" name=\"_wpcf7\" value=\"1156\" \/>\n<input type=\"hidden\" name=\"_wpcf7_version\" value=\"5.9.8\" \/>\n<input type=\"hidden\" name=\"_wpcf7_locale\" value=\"vi\" \/>\n<input type=\"hidden\" name=\"_wpcf7_unit_tag\" value=\"wpcf7-f1156-o1\" \/>\n<input type=\"hidden\" name=\"_wpcf7_container_post\" value=\"0\" \/>\n<input type=\"hidden\" name=\"_wpcf7_posted_data_hash\" value=\"\" \/>\n<input type=\"hidden\" name=\"_wpcf7dtx_version\" value=\"5.0.4\" \/>\n<\/div>\n<div class=\"form-dang-ky\">\n\t<p class=\"tieu-de\">Form \u0111\u0103ng k\u00fd t\u01b0 v\u1ea5n\n\t<\/p>\n\t<p class=\"des\">Vui l\u00f2ng nh\u1eadp v\u00e0o form d\u01b0\u1edbi \u0111\u00e2y, m\u1ecdi th\u00f4ng tin c\u00e1 nh\u00e2n c\u1ee7a qu\u00fd kh\u00e1ch s\u1ebd ch\u1ec9 ph\u1ee5c v\u1ee5 vi\u1ec7c li\u00ean l\u1ea1c t\u01b0 v\u1ea5n, kh\u00f4ng s\u1eed d\u1ee5ng v\u00e0o m\u1ee5c \u0111\u00edch kh\u00e1c\n\t<\/p>\n\t<div class=\"ho-ten\">\n\t\t<p><span class=\"wpcf7-form-control-wrap\" data-name=\"text-789\"><input size=\"40\" maxlength=\"400\" class=\"wpcf7-form-control wpcf7-text wpcf7-validates-as-required\" aria-required=\"true\" aria-invalid=\"false\" placeholder=\"H\u1ecd v\u00e0 t\u00ean\" value=\"\" type=\"text\" name=\"text-789\" \/><\/span>\n\t\t<\/p>\n\t<\/div>\n\t<div class=\"sdt\">\n\t\t<p><span class=\"wpcf7-form-control-wrap\" data-name=\"tel-286\"><input size=\"40\" maxlength=\"400\" class=\"wpcf7-form-control wpcf7-tel wpcf7-validates-as-required wpcf7-text wpcf7-validates-as-tel\" aria-required=\"true\" aria-invalid=\"false\" placeholder=\"S\u1ed1 \u0111i\u1ec7n tho\u1ea1i\" value=\"\" type=\"tel\" name=\"tel-286\" \/><\/span>\n\t\t<\/p>\n\t<\/div>\n\t<div class=\"email\">\n\t\t<p><span class=\"wpcf7-form-control-wrap\" data-name=\"email-934\"><input size=\"40\" maxlength=\"400\" class=\"wpcf7-form-control wpcf7-email wpcf7-text wpcf7-validates-as-email\" aria-invalid=\"false\" placeholder=\"Email (Qu\u00fd kh\u00e1ch c\u00f3 th\u1ec3 b\u1ecf qua)\" value=\"\" type=\"email\" name=\"email-934\" \/><\/span>\n\t\t<\/p>\n\t<\/div>\n\t<div class=\"noi-dung\">\n\t\t<p><span class=\"wpcf7-form-control-wrap\" data-name=\"textarea-13\"><textarea cols=\"40\" rows=\"10\" maxlength=\"2000\" class=\"wpcf7-form-control wpcf7-textarea\" aria-invalid=\"false\" placeholder=\"N\u1ed9i dung\" name=\"textarea-13\"><\/textarea><\/span>\n\t\t<\/p>\n\t<\/div>\n\t<div class=\"btn-gui\">\n\t\t<p><input class=\"wpcf7-form-control wpcf7-submit has-spinner\" type=\"submit\" value=\"\u0110\u0103ng k\u00fd\" \/>\n\t\t<\/p>\n\t<\/div>\n<\/div><div class=\"wpcf7-response-output\" aria-hidden=\"true\"><\/div>\n<\/form>\n<\/div>\n\n\t\t<\/div>\n\t\t\t<\/div>\n\n\t\n\n\t<div id=\"col-151662610\" class=\"col medium-6 small-12 large-6\"  >\n\t\t<div class=\"col-inner\"  >\n\t\t\t\n\t\t\t\n<p><iframe src=\"https:\/\/www.google.com\/maps\/embed?pb=!1m18!1m12!1m3!1d3919.4484742251843!2d106.74768097394494!3d10.776922559186795!2m3!1f0!2f0!3f0!3m2!1i1024!2i768!4f13.1!3m3!1m2!1s0x317525dce09aa00b%3A0xade73a6d812ae775!2zODQtODYgQsOhdCBOw6BuLCBQaMaw4budbmcgQsOsbmggVHLGsG5nIFTDonksIFF14bqtbiAyLCBUaMOgbmggcGjhu5EgSOG7kyBDaMOtIE1pbmgsIFZp4buHdCBOYW0!5e0!3m2!1svi!2s!4v1700794194932!5m2!1svi!2s\" width=\"100%\" height=\"750\" style=\"border:0;\" allowfullscreen=\"\" loading=\"lazy\" referrerpolicy=\"no-referrer-when-downgrade\"><\/iframe><\/p>\n\t\t<\/div>\n\t\t\t<\/div>\n\n\t\n<\/div>\n","protected":false},"excerpt":{"rendered":"<p>\u00a0 TH\u00d4NG TIN LI\u00caN H\u1ec6<\/p>\n","protected":false},"author":2,"featured_media":0,"parent":0,"menu_order":0,"comment_status":"closed","ping_status":"closed","template":"","meta":{"footnotes":""},"class_list":["post-1014","page","type-page","status-publish","hentry"],"yoast_head":"<!-- This site is optimized with the Yoast SEO plugin v23.5 - https:\/\/yoast.com\/wordpress\/plugins\/seo\/ -->\n<title>Li\u00ean h\u1ec7 - 1992 Land - Nguy\u1ec5n H\u1eefu Th\u1ecd<\/title>\n<meta name=\"robots\" content=\"index, follow, max-snippet:-1, max-image-preview:large, max-video-preview:-1\" \/>\n<link rel=\"canonical\" href=\"https:\/\/1992land.com\/?page_id=1014\" \/>\n<meta property=\"og:locale\" content=\"vi_VN\" \/>\n<meta property=\"og:type\" content=\"article\" \/>\n<meta property=\"og:title\" content=\"Li\u00ean h\u1ec7 - 1992 Land - Nguy\u1ec5n H\u1eefu Th\u1ecd\" \/>\n<meta property=\"og:description\" content=\"\u00a0 TH\u00d4NG TIN LI\u00caN H\u1ec6\" \/>\n<meta property=\"og:url\" content=\"https:\/\/1992land.com\/?page_id=1014\" \/>\n<meta property=\"og:site_name\" content=\"1992 Land - Nguy\u1ec5n H\u1eefu Th\u1ecd\" \/>\n<meta property=\"article:modified_time\" content=\"2026-04-01T05:06:17+00:00\" \/>\n<meta name=\"twitter:card\" content=\"summary_large_image\" \/>\n<script type=\"application\/ld+json\" class=\"yoast-schema-graph\">{\"@context\":\"https:\/\/schema.org\",\"@graph\":[{\"@type\":\"WebPage\",\"@id\":\"https:\/\/1992land.com\/?page_id=1014\",\"url\":\"https:\/\/1992land.com\/?page_id=1014\",\"name\":\"Li\u00ean h\u1ec7 - 1992 Land - Nguy\u1ec5n H\u1eefu Th\u1ecd\",\"isPartOf\":{\"@id\":\"https:\/\/1992land.com\/#website\"},\"datePublished\":\"2020-09-27T13:35:21+00:00\",\"dateModified\":\"2026-04-01T05:06:17+00:00\",\"breadcrumb\":{\"@id\":\"https:\/\/1992land.com\/?page_id=1014#breadcrumb\"},\"inLanguage\":\"vi\",\"potentialAction\":[{\"@type\":\"ReadAction\",\"target\":[\"https:\/\/1992land.com\/?page_id=1014\"]}]},{\"@type\":\"BreadcrumbList\",\"@id\":\"https:\/\/1992land.com\/?page_id=1014#breadcrumb\",\"itemListElement\":[{\"@type\":\"ListItem\",\"position\":1,\"name\":\"Trang ch\u1ee7\",\"item\":\"https:\/\/1992land.com\/\"},{\"@type\":\"ListItem\",\"position\":2,\"name\":\"Li\u00ean h\u1ec7\"}]},{\"@type\":\"WebSite\",\"@id\":\"https:\/\/1992land.com\/#website\",\"url\":\"https:\/\/1992land.com\/\",\"name\":\"1992 Land - Nguy\u1ec5n H\u1eefu Th\u1ecd\",\"description\":\"Kh\u00f4ng ch\u1ec9 l\u00e0 B\u1ea5t \u0111\u1ed9ng s\u1ea3n\",\"potentialAction\":[{\"@type\":\"SearchAction\",\"target\":{\"@type\":\"EntryPoint\",\"urlTemplate\":\"https:\/\/1992land.com\/?s={search_term_string}\"},\"query-input\":{\"@type\":\"PropertyValueSpecification\",\"valueRequired\":true,\"valueName\":\"search_term_string\"}}],\"inLanguage\":\"vi\"}]}<\/script>\n<!-- \/ Yoast SEO plugin. -->","yoast_head_json":{"title":"Li\u00ean h\u1ec7 - 1992 Land - Nguy\u1ec5n H\u1eefu Th\u1ecd","robots":{"index":"index","follow":"follow","max-snippet":"max-snippet:-1","max-image-preview":"max-image-preview:large","max-video-preview":"max-video-preview:-1"},"canonical":"https:\/\/1992land.com\/?page_id=1014","og_locale":"vi_VN","og_type":"article","og_title":"Li\u00ean h\u1ec7 - 1992 Land - Nguy\u1ec5n H\u1eefu Th\u1ecd","og_description":"\u00a0 TH\u00d4NG TIN LI\u00caN H\u1ec6","og_url":"https:\/\/1992land.com\/?page_id=1014","og_site_name":"1992 Land - Nguy\u1ec5n H\u1eefu Th\u1ecd","article_modified_time":"2026-04-01T05:06:17+00:00","twitter_card":"summary_large_image","schema":{"@context":"https:\/\/schema.org","@graph":[{"@type":"WebPage","@id":"https:\/\/1992land.com\/?page_id=1014","url":"https:\/\/1992land.com\/?page_id=1014","name":"Li\u00ean h\u1ec7 - 1992 Land - Nguy\u1ec5n H\u1eefu Th\u1ecd","isPartOf":{"@id":"https:\/\/1992land.com\/#website"},"datePublished":"2020-09-27T13:35:21+00:00","dateModified":"2026-04-01T05:06:17+00:00","breadcrumb":{"@id":"https:\/\/1992land.com\/?page_id=1014#breadcrumb"},"inLanguage":"vi","potentialAction":[{"@type":"ReadAction","target":["https:\/\/1992land.com\/?page_id=1014"]}]},{"@type":"BreadcrumbList","@id":"https:\/\/1992land.com\/?page_id=1014#breadcrumb","itemListElement":[{"@type":"ListItem","position":1,"name":"Trang ch\u1ee7","item":"https:\/\/1992land.com\/"},{"@type":"ListItem","position":2,"name":"Li\u00ean h\u1ec7"}]},{"@type":"WebSite","@id":"https:\/\/1992land.com\/#website","url":"https:\/\/1992land.com\/","name":"1992 Land - Nguy\u1ec5n H\u1eefu Th\u1ecd","description":"Kh\u00f4ng ch\u1ec9 l\u00e0 B\u1ea5t \u0111\u1ed9ng s\u1ea3n","potentialAction":[{"@type":"SearchAction","target":{"@type":"EntryPoint","urlTemplate":"https:\/\/1992land.com\/?s={search_term_string}"},"query-input":{"@type":"PropertyValueSpecification","valueRequired":true,"valueName":"search_term_string"}}],"inLanguage":"vi"}]}},"_links":{"self":[{"href":"https:\/\/1992land.com\/index.php?rest_route=\/wp\/v2\/pages\/1014","targetHints":{"allow":["GET"]}}],"collection":[{"href":"https:\/\/1992land.com\/index.php?rest_route=\/wp\/v2\/pages"}],"about":[{"href":"https:\/\/1992land.com\/index.php?rest_route=\/wp\/v2\/types\/page"}],"author":[{"embeddable":true,"href":"https:\/\/1992land.com\/index.php?rest_route=\/wp\/v2\/users\/2"}],"replies":[{"embeddable":true,"href":"https:\/\/1992land.com\/index.php?rest_route=%2Fwp%2Fv2%2Fcomments&post=1014"}],"version-history":[{"count":7,"href":"https:\/\/1992land.com\/index.php?rest_route=\/wp\/v2\/pages\/1014\/revisions"}],"predecessor-version":[{"id":3219,"href":"https:\/\/1992land.com\/index.php?rest_route=\/wp\/v2\/pages\/1014\/revisions\/3219"}],"wp:attachment":[{"href":"https:\/\/1992land.com\/index.php?rest_route=%2Fwp%2Fv2%2Fmedia&parent=1014"}],"curies":[{"name":"wp","href":"https:\/\/api.w.org\/{rel}","templated":true}]}}